{"id":10,"date":"2015-05-21T09:40:55","date_gmt":"2015-05-21T09:40:55","guid":{"rendered":"http:\/\/willybrandtcenter.org\/?page_id=10"},"modified":"2023-04-04T11:37:30","modified_gmt":"2023-04-04T09:37:30","slug":"willy-brandt-center-jerusalem-4","status":"publish","type":"page","link":"https:\/\/willybrandtcenter.org\/en\/de\/","title":{"rendered":"Willy Brandt Center Jerusalem"},"content":{"rendered":"<div id='full_slider_1'  class='avia-fullwidth-slider main_color avia-shadow   avia-builder-el-0  el_before_av_one_full  avia-builder-el-first   container_wrap fullsize'  ><div   data-size='featured'  data-lightbox_size='large'  data-animation='fade'  data-conditional_play=''  data-ids='217,457'  data-video_counter='0'  data-autoplay='true'  data-bg_slider='false'  data-slide_height=''  data-handle='av_slideshow_full'  data-interval='5'  data-class=' '  data-el_id=''  data-css_id=''  data-scroll_down=''  data-control_layout='av-control-minimal'  data-custom_markup=''  data-perma_caption=''  data-autoplay_stopper='1'  data-image_attachment=''  data-min_height='0px'  data-lazy_loading='disabled'  data-src=''  data-position='top left'  data-repeat='no-repeat'  data-attach='scroll'  data-stretch=''  data-img_scrset=''  data-default-height='28.6666666667'  class='avia-slideshow avia-slideshow-1  av-control-minimal av-default-height-applied avia-slideshow-featured av_slideshow_full   avia-fade-slider '  itemprop=\"image\" itemscope=\"itemscope\" itemtype=\"https:\/\/schema.org\/ImageObject\" ><ul class='avia-slideshow-inner ' style='padding-bottom: 32.8244274809%;' ><li  class=' slide-1 ' ><div data-rel='slideshow-1' class='avia-slide-wrap '   ><div class = \"caption_fullwidth av-slideshow-caption caption_left\"><div class = \"container caption_container\"><div class = \"slideshow_caption\"><div class = \"slideshow_inner_caption\"><div class = \"slideshow_align_caption\"><h2  style='font-size:60px; color:#ffffff; ' class='avia-caption-title  '  itemprop=\"name\" >We are Partners for Peace!<\/h2><\/div><\/div><\/div><\/div><\/div><img class=\"wp-image-1983 avia-img-lazy-loading-not-1983\"  src='https:\/\/willybrandtcenter.org\/wp-content\/uploads\/2015\/07\/Header_3-1310x430.jpg' width='1310' height='430' title='Header_3' alt=''  itemprop=\"thumbnailUrl\"   \/><div class='av-section-color-overlay' style='opacity: 0.3; background-color: #cc3333; '><\/div><\/div><\/li><li  class=' slide-2 ' ><a href=\"https:\/\/willybrandtcenter.org\/en\/de\/projekte-2\/\"  data-rel='slideshow-1' class='avia-slide-wrap '   ><div class = \"caption_fullwidth av-slideshow-caption caption_left\"><div class = \"container caption_container\"><div class = \"slideshow_caption\"><div class = \"slideshow_inner_caption\"><div class = \"slideshow_align_caption\"><h2  style='font-size:60px; color:#ffffff; ' class='avia-caption-title  '  itemprop=\"name\" >Partnership for Social Justice and a Common Future!<\/h2><\/div><\/div><\/div><\/div><\/div><img class=\"wp-image-2005 avia-img-lazy-loading-not-2005\"  src='https:\/\/willybrandtcenter.org\/wp-content\/uploads\/2015\/05\/IMG_5638-1310x430.jpg' width='1310' height='430' title='' alt=''  itemprop=\"thumbnailUrl\"   \/><div class='av-section-color-overlay' style='opacity: 0.3; background-color: #cc3333; '><\/div><\/a><\/li><\/ul><div class='avia-slideshow-arrows avia-slideshow-controls' ><a href='#prev' class='prev-slide ' aria-hidden='true' data-av_icon='\ue87c' data-av_iconfont='entypo-fontello'  tabindex='-1'>Zur\u00fcck<\/a><a href='#next' class='next-slide ' aria-hidden='true' data-av_icon='\ue87d' data-av_iconfont='entypo-fontello'  tabindex='-1'>Weiter<\/a><\/div><div class='avia-slideshow-dots avia-slideshow-controls'><a href='#1' class='goto-slide active' >1<\/a><a href='#2' class='goto-slide ' >2<\/a><\/div><\/div><\/div><div id='after_full_slider_1'  class='main_color av_default_container_wrap container_wrap fullsize'  ><div class='container av-section-cont-open' ><div class='template-page content  av-content-full alpha units'><div class='post-entry post-entry-type-page post-entry-10'><div class='entry-content-wrapper clearfix'>\n\n<style type=\"text\/css\" data-created_by=\"avia_inline_auto\" id=\"style-css-av-pdsay-88da9f104367fd1c43528c50fd904052\">\n#top .flex_column.av-pdsay-88da9f104367fd1c43528c50fd904052{\nmargin-top:0px;\nmargin-bottom:0px;\n}\n.flex_column.av-pdsay-88da9f104367fd1c43528c50fd904052{\nborder-radius:0px 0px 0px 0px;\n-webkit-border-radius:0px 0px 0px 0px;\n-moz-border-radius:0px 0px 0px 0px;\n}\n.responsive #top #wrap_all .flex_column.av-pdsay-88da9f104367fd1c43528c50fd904052{\nmargin-top:0px;\nmargin-bottom:0px;\n}\n<\/style>\n<div class='flex_column av-pdsay-88da9f104367fd1c43528c50fd904052 av_one_full  avia-builder-el-1  el_after_av_slideshow_full  el_before_av_one_third  avia-builder-el-first  first flex_column_div av-zero-column-padding '   ><style type=\"text\/css\" data-created_by=\"avia_inline_auto\" id=\"style-css-av-osx82-36d0277ce039125c660608dda3966f2b\">\n#top .av-special-heading.av-osx82-36d0277ce039125c660608dda3966f2b{\npadding-bottom:0px;\n}\n<\/style>\n<div  class='av-special-heading av-osx82-36d0277ce039125c660608dda3966f2b av-special-heading-h1 blockquote modern-quote  avia-builder-el-2  avia-builder-el-no-sibling  '><h1 class='av-special-heading-tag '  itemprop=\"headline\"  >Willkommen beim Willy Brandt Center Jerusalem<\/h1><div class='special-heading-border'><div class='special-heading-inner-border'><\/div><\/div><\/div><\/div>\n\n<style type=\"text\/css\" data-created_by=\"avia_inline_auto\" id=\"style-css-av-odnx2-970857a8b1d1c8b6a8ce7360ee129b07\">\n.flex_column.av-odnx2-970857a8b1d1c8b6a8ce7360ee129b07{\nborder-radius:0px 0px 0px 0px;\n-webkit-border-radius:0px 0px 0px 0px;\n-moz-border-radius:0px 0px 0px 0px;\npadding:15px 0px 0px 0px;\n}\n<\/style>\n<div class='flex_column av-odnx2-970857a8b1d1c8b6a8ce7360ee129b07 av_one_third  avia-builder-el-3  el_after_av_one_full  el_before_av_two_third  hthomewelcomecell first flex_column_div column-top-margin'   ><style type=\"text\/css\" data-created_by=\"avia_inline_auto\" id=\"style-css-av-nbhay-295d9d5d80f685d37d6230c4512b125a\">\n.avia-image-container.av-nbhay-295d9d5d80f685d37d6230c4512b125a .av-image-caption-overlay-center{\ncolor:#ffffff;\n}\n<\/style>\n<div  class='avia-image-container av-nbhay-295d9d5d80f685d37d6230c4512b125a av-styling- avia-align-center  avia-builder-el-4  avia-builder-el-no-sibling  '  itemprop=\"image\" itemscope=\"itemscope\" itemtype=\"https:\/\/schema.org\/ImageObject\" ><div class=\"avia-image-container-inner\"><div class=\"avia-image-overlay-wrap\"><img class='wp-image-1976 avia-img-lazy-loading-not-1976 avia_image' src='https:\/\/willybrandtcenter.org\/wp-content\/uploads\/2015\/05\/house-300x225.jpg' alt='' title='The Building'  height=\"225\" width=\"300\"  itemprop=\"thumbnailUrl\"  \/><\/div><\/div><\/div><\/div>\n\n<style type=\"text\/css\" data-created_by=\"avia_inline_auto\" id=\"style-css-av-mqz3y-8e5732de3a8082caaf924f414ddbf238\">\n.flex_column.av-mqz3y-8e5732de3a8082caaf924f414ddbf238{\nborder-radius:0px 0px 0px 0px;\n-webkit-border-radius:0px 0px 0px 0px;\n-moz-border-radius:0px 0px 0px 0px;\n}\n<\/style>\n<div class='flex_column av-mqz3y-8e5732de3a8082caaf924f414ddbf238 av_two_third  avia-builder-el-5  el_after_av_one_third  el_before_av_section  avia-builder-el-last  flex_column_div av-zero-column-padding column-top-margin'   ><p><section  class='av_textblock_section av-ma0rq-d4e7c3a269f71fac68cbbf98b1caaaa8 '  itemscope=\"itemscope\" itemtype=\"https:\/\/schema.org\/CreativeWork\" ><div class='avia_textblock '  itemprop=\"text\" ><p>Das Willy Brandt Center (WBC) ist ein einzigartiges Begegnungszentrum in Jerusalem. Hier treffen sich junge Menschen aus Israel, Pal\u00e4stina und der ganzen Welt auf Augenh\u00f6he und \u00fcber Grenzen und Konfliktlinien hinweg. Sie bringen sich in verschiedenen Projekten in den Bereichen Politik, Bildung und Kultur ein, bauen auf diese Weise Vorurteile ab und suchen gemeinsam nach L\u00f6sungen f\u00fcr eine bessere Zukunft. Denn die Hoffnung auf eine friedlichere Zukunft ist das, was uns zusammenbringt und zusammenh\u00e4lt. Das Zitat &#8222;Frieden ist nicht alles, aber ohne Frieden ist alles nichts&#8220; von Willy Brandt ist unser Leitmotiv, das uns antreibt immer weiterzumachen.<br \/>\nDu interessierst dich f\u00fcr unsere Arbeit? Dann klick dich einfach durch unsere Projekte. F\u00fcr Fragen stehen wir Dir gerne zur Verf\u00fcgung. Du kannst unser Begegnungszentrum auch besuchen oder sogar mieten. Wir bieten verschiedene Programme, Seminare und Workshops f\u00fcr unsere G\u00e4ste an.<\/p>\n<p>F\u00fchl dich herzlich Willkommen.<\/p>\n<\/div><\/section><br \/>\n<div  class='avia-button-wrap avia-button-left  avia-builder-el-7  el_after_av_textblock  avia-builder-el-last ' ><a href='http:\/\/www.willybrandtcenter.org\/en'  class='avia-button av-lwn4u-673d727d0c9c0d560c265a5006050121 avia-icon_select-no avia-size-small avia-position-left avia-color-theme-color ' ><span class='avia_iconbox_title' >Mehr erfahren<\/span><\/a><\/div><\/p><\/div><\/div><\/div><\/div><!-- close content main div --><\/div><\/div><div id='av_section_1'  class='avia-section av-l3cta-4972e3c71fe6fa807c2537959e54bd06 main_color avia-section-default avia-no-border-styling  avia-builder-el-8  el_after_av_two_third  avia-builder-el-last  avia-bg-style-scroll  container_wrap fullsize'  ><div class='container av-section-cont-open' ><div class='template-page content  av-content-full alpha units'><div class='post-entry post-entry-type-page post-entry-10'><div class='entry-content-wrapper clearfix'>\n<\/p>\n","protected":false},"excerpt":{"rendered":"","protected":false},"author":1,"featured_media":0,"parent":0,"menu_order":0,"comment_status":"open","ping_status":"open","template":"","meta":[],"yoast_head":"<!-- This site is optimized with the Yoast SEO plugin v17.5 - https:\/\/yoast.com\/wordpress\/plugins\/seo\/ -->\n<title>Willy Brandt Center Jerusalem - Willy Brandt Center Jerusalem<\/title>\n<meta name=\"robots\" content=\"index, follow, max-snippet:-1, max-image-preview:large, max-video-preview:-1\" \/>\n<link rel=\"canonical\" href=\"https:\/\/willybrandtcenter.org\/en\/de\/\" \/>\n<meta property=\"og:locale\" content=\"de_DE\" \/>\n<meta property=\"og:type\" content=\"article\" \/>\n<meta property=\"og:title\" content=\"Willy Brandt Center Jerusalem - Willy Brandt Center Jerusalem\" \/>\n<meta property=\"og:url\" content=\"https:\/\/willybrandtcenter.org\/en\/de\/\" \/>\n<meta property=\"og:site_name\" content=\"Willy Brandt Center Jerusalem\" \/>\n<meta property=\"article:modified_time\" content=\"2023-04-04T09:37:30+00:00\" \/>\n<meta name=\"twitter:card\" content=\"summary\" \/>\n<meta name=\"twitter:label1\" content=\"Gesch\u00e4tzte Lesezeit\" \/>\n\t<meta name=\"twitter:data1\" content=\"5\u00a0Minuten\" \/>\n<script type=\"application\/ld+json\" class=\"yoast-schema-graph\">{\"@context\":\"https:\/\/schema.org\",\"@graph\":[{\"@type\":\"WebSite\",\"@id\":\"https:\/\/willybrandtcenter.org\/en\/en\/#website\",\"url\":\"https:\/\/willybrandtcenter.org\/en\/en\/\",\"name\":\"Willy Brandt Center Jerusalem\",\"description\":\"\",\"potentialAction\":[{\"@type\":\"SearchAction\",\"target\":{\"@type\":\"EntryPoint\",\"urlTemplate\":\"https:\/\/willybrandtcenter.org\/en\/en\/?s={search_term_string}\"},\"query-input\":\"required name=search_term_string\"}],\"inLanguage\":\"de\"},{\"@type\":\"WebPage\",\"@id\":\"https:\/\/willybrandtcenter.org\/en\/de\/#webpage\",\"url\":\"https:\/\/willybrandtcenter.org\/en\/de\/\",\"name\":\"Willy Brandt Center Jerusalem - Willy Brandt Center Jerusalem\",\"isPartOf\":{\"@id\":\"https:\/\/willybrandtcenter.org\/en\/en\/#website\"},\"datePublished\":\"2015-05-21T09:40:55+00:00\",\"dateModified\":\"2023-04-04T09:37:30+00:00\",\"breadcrumb\":{\"@id\":\"https:\/\/willybrandtcenter.org\/en\/de\/#breadcrumb\"},\"inLanguage\":\"de\",\"potentialAction\":[{\"@type\":\"ReadAction\",\"target\":[\"https:\/\/willybrandtcenter.org\/en\/de\/\"]}]},{\"@type\":\"BreadcrumbList\",\"@id\":\"https:\/\/willybrandtcenter.org\/en\/de\/#breadcrumb\",\"itemListElement\":[{\"@type\":\"ListItem\",\"position\":1,\"name\":\"Home\",\"item\":\"https:\/\/willybrandtcenter.org\/en\/de\/\"},{\"@type\":\"ListItem\",\"position\":2,\"name\":\"Willy Brandt Center Jerusalem\"}]}]}<\/script>\n<!-- \/ Yoast SEO plugin. -->","yoast_head_json":{"title":"Willy Brandt Center Jerusalem - Willy Brandt Center Jerusalem","robots":{"index":"index","follow":"follow","max-snippet":"max-snippet:-1","max-image-preview":"max-image-preview:large","max-video-preview":"max-video-preview:-1"},"canonical":"https:\/\/willybrandtcenter.org\/en\/de\/","og_locale":"de_DE","og_type":"article","og_title":"Willy Brandt Center Jerusalem - Willy Brandt Center Jerusalem","og_url":"https:\/\/willybrandtcenter.org\/en\/de\/","og_site_name":"Willy Brandt Center Jerusalem","article_modified_time":"2023-04-04T09:37:30+00:00","twitter_card":"summary","twitter_misc":{"Gesch\u00e4tzte Lesezeit":"5\u00a0Minuten"},"schema":{"@context":"https:\/\/schema.org","@graph":[{"@type":"WebSite","@id":"https:\/\/willybrandtcenter.org\/en\/en\/#website","url":"https:\/\/willybrandtcenter.org\/en\/en\/","name":"Willy Brandt Center Jerusalem","description":"","potentialAction":[{"@type":"SearchAction","target":{"@type":"EntryPoint","urlTemplate":"https:\/\/willybrandtcenter.org\/en\/en\/?s={search_term_string}"},"query-input":"required name=search_term_string"}],"inLanguage":"de"},{"@type":"WebPage","@id":"https:\/\/willybrandtcenter.org\/en\/de\/#webpage","url":"https:\/\/willybrandtcenter.org\/en\/de\/","name":"Willy Brandt Center Jerusalem - Willy Brandt Center Jerusalem","isPartOf":{"@id":"https:\/\/willybrandtcenter.org\/en\/en\/#website"},"datePublished":"2015-05-21T09:40:55+00:00","dateModified":"2023-04-04T09:37:30+00:00","breadcrumb":{"@id":"https:\/\/willybrandtcenter.org\/en\/de\/#breadcrumb"},"inLanguage":"de","potentialAction":[{"@type":"ReadAction","target":["https:\/\/willybrandtcenter.org\/en\/de\/"]}]},{"@type":"BreadcrumbList","@id":"https:\/\/willybrandtcenter.org\/en\/de\/#breadcrumb","itemListElement":[{"@type":"ListItem","position":1,"name":"Home","item":"https:\/\/willybrandtcenter.org\/en\/de\/"},{"@type":"ListItem","position":2,"name":"Willy Brandt Center Jerusalem"}]}]}},"_links":{"self":[{"href":"https:\/\/willybrandtcenter.org\/en\/de\/wp-json\/wp\/v2\/pages\/10\/"}],"collection":[{"href":"https:\/\/willybrandtcenter.org\/en\/de\/wp-json\/wp\/v2\/pages\/"}],"about":[{"href":"https:\/\/willybrandtcenter.org\/en\/de\/wp-json\/wp\/v2\/types\/page\/"}],"author":[{"embeddable":true,"href":"https:\/\/willybrandtcenter.org\/en\/de\/wp-json\/wp\/v2\/users\/1\/"}],"replies":[{"embeddable":true,"href":"https:\/\/willybrandtcenter.org\/en\/de\/wp-json\/wp\/v2\/comments\/?post=10"}],"version-history":[{"count":186,"href":"https:\/\/willybrandtcenter.org\/en\/de\/wp-json\/wp\/v2\/pages\/10\/revisions\/"}],"predecessor-version":[{"id":4090,"href":"https:\/\/willybrandtcenter.org\/en\/de\/wp-json\/wp\/v2\/pages\/10\/revisions\/4090\/"}],"wp:attachment":[{"href":"https:\/\/willybrandtcenter.org\/en\/de\/wp-json\/wp\/v2\/media\/?parent=10"}],"curies":[{"name":"wp","href":"https:\/\/api.w.org\/{rel}","templated":true}]}}