{"id":230,"date":"2015-08-05T09:53:21","date_gmt":"2015-08-05T07:53:21","guid":{"rendered":"http:\/\/willybrandtcenter.org\/?page_id=230"},"modified":"2025-06-27T07:56:49","modified_gmt":"2025-06-27T05:56:49","slug":"spenden","status":"publish","type":"page","link":"https:\/\/willybrandtcenter.org\/en\/de\/spenden\/","title":{"rendered":"Unterst\u00fctze uns"},"content":{"rendered":"\n<style type=\"text\/css\" data-created_by=\"avia_inline_auto\" id=\"style-css-av-4nyd5q-d5a1be2d5789878412328be303ff7458\">\n.avia-section.av-4nyd5q-d5a1be2d5789878412328be303ff7458 .av-parallax .av-parallax-inner{\nbackground-repeat:no-repeat;\nbackground-image:url(https:\/\/willybrandtcenter.org\/wp-content\/uploads\/2015\/07\/Header_3.jpg);\nbackground-position:100% 50%;\nbackground-attachment:scroll;\n}\n.avia-section.av-4nyd5q-d5a1be2d5789878412328be303ff7458 .av-section-color-overlay{\nopacity:0.3;\nbackground-color:#cc3333;\n}\n<\/style>\n<div id='av_section_1'  class='avia-section av-4nyd5q-d5a1be2d5789878412328be303ff7458 main_color avia-section-default avia-no-border-styling  avia-builder-el-0  el_before_av_one_full  avia-builder-el-first  htsectionbackgroundimage av-parallax-section avia-bg-style-parallax av-section-color-overlay-active  av-minimum-height av-minimum-height-25  container_wrap fullsize'  data-section-bg-repeat='no-repeat' data-av_minimum_height_pc='25'><div class='av-parallax' data-avia-parallax-ratio='0.3' ><div class='av-parallax-inner main_color avia-full-stretch'><\/div><\/div><div class='av-section-color-overlay-wrap'><div class=\"av-section-color-overlay\"><\/div><a href='#next-section' title='' class='scroll-down-link ' aria-hidden='true' data-av_icon='\ue877' data-av_iconfont='entypo-fontello'><\/a><div class='container av-section-cont-open' ><main  role=\"main\" itemprop=\"mainContentOfPage\"  class='template-page content  av-content-full alpha units'><div class='post-entry post-entry-type-page post-entry-230'><div class='entry-content-wrapper clearfix'>\n\n<style type=\"text\/css\" data-created_by=\"avia_inline_auto\" id=\"style-css-av-4mds4e-0bb4b6ca6652e919d67587315f69a709\">\n#top .av-special-heading.av-4mds4e-0bb4b6ca6652e919d67587315f69a709{\npadding-bottom:10px;\nfont-size:60px;\n}\n<\/style>\n<div  class='av-special-heading av-4mds4e-0bb4b6ca6652e919d67587315f69a709 av-special-heading-h1 blockquote modern-quote  avia-builder-el-1  avia-builder-el-no-sibling  av-inherit-size '><h1 class='av-special-heading-tag '  itemprop=\"headline\"  >Spenden<\/h1><div class='special-heading-border'><div class='special-heading-inner-border'><\/div><\/div><\/div>\n<\/div><\/div><\/main><!-- close content main element --><\/div><\/div><\/div><div id='after_section_1'  class='main_color av_default_container_wrap container_wrap fullsize'  ><div class='container av-section-cont-open' ><div class='template-page content  av-content-full alpha units'><div class='post-entry post-entry-type-page post-entry-230'><div class='entry-content-wrapper clearfix'>\n\n<style type=\"text\/css\" data-created_by=\"avia_inline_auto\" id=\"style-css-av-4en6su-56a3cedec4170b030a40329a90120605\">\n.flex_column.av-4en6su-56a3cedec4170b030a40329a90120605{\nborder-radius:0px 0px 0px 0px;\n-webkit-border-radius:0px 0px 0px 0px;\n-moz-border-radius:0px 0px 0px 0px;\n}\n<\/style>\n<div class='flex_column av-4en6su-56a3cedec4170b030a40329a90120605 av_one_full  avia-builder-el-2  el_after_av_section  el_before_av_one_full  avia-builder-el-first  first flex_column_div av-zero-column-padding '   ><p>\n<style type=\"text\/css\" data-created_by=\"avia_inline_auto\" id=\"style-css-av-48h4z2-c35af7dc07a150341937c726718adda3\">\n#top .av-special-heading.av-48h4z2-c35af7dc07a150341937c726718adda3{\npadding-bottom:10px;\n}\n.av-special-heading.av-48h4z2-c35af7dc07a150341937c726718adda3 .av-subheading{\nfont-size:15px;\n}\n<\/style>\n<div  class='av-special-heading av-48h4z2-c35af7dc07a150341937c726718adda3 av-special-heading-h3 blockquote modern-quote  avia-builder-el-3  el_before_av_textblock  avia-builder-el-first  '><h3 class='av-special-heading-tag '  itemprop=\"headline\"  ><span class='special_amp'>&#8222;<\/span>We are Partners for Peace!<span class='special_amp'>&#8220;<\/span><\/h3><div class='av-subheading av-subheading_below '><p>\u00dcber Grenzen und Konflikte hinweg!<\/p>\n<\/div><div class='special-heading-border'><div class='special-heading-inner-border'><\/div><\/div><\/div><br \/>\n<section  class='av_textblock_section av-3zojli-405119ba6a3ab8e9cf64745cf85fae16 '  itemscope=\"itemscope\" itemtype=\"https:\/\/schema.org\/CreativeWork\" ><div class='avia_textblock '  itemprop=\"text\" ><p>Seit mehr als 20 Jahren ist das Willy Brandt Center ist ein einmaliger Ort der Begegnung in Jerusalem. Hier ist eine vertrauensvolle Kooperation auch bei schwierigen Themen m\u00f6glich. Ein deutsch-israelisch-pal\u00e4stinensisches Team aus jungen politischen Aktivistinnen und Aktivisten sucht gemeinsam nach L\u00f6sungen f\u00fcr eine Zukunft, in der Sicherheit, soziale Gerechtigkeit und Frieden Gegenwart werden k\u00f6nnen.<\/p>\n<p>Im Willy Brandt Center Jerusalem kommen seit Jahren junge K\u00fcnstlerinnen und K\u00fcnstler zusammen. Sie entdecken Musik, Poesie und Spoken Word als politisches Sprachrohr\u00a0f\u00fcr ihren Wunsch auf eine bessere Zukunft, \u00fcber Grenzen und Konflikte hinweg.<\/p>\n<p><strong>Werdet Partner und Partnerinnen f\u00fcr Frieden. Mit euren Spenden erm\u00f6glicht ihr den Erhalt eines sicheren Ortes f\u00fcr Begegnung, Kultur und Kommunikation in Jerusalem.<\/strong><\/p>\n<p><strong>\u00a0<\/strong><\/p>\n<\/div><\/section><\/p><\/div>\n\n<style type=\"text\/css\" data-created_by=\"avia_inline_auto\" id=\"style-css-av-3yef3q-43727ae801e78b0128ee59d77371241e\">\n.flex_column.av-3yef3q-43727ae801e78b0128ee59d77371241e{\nborder-radius:0px 0px 0px 0px;\n-webkit-border-radius:0px 0px 0px 0px;\n-moz-border-radius:0px 0px 0px 0px;\n}\n<\/style>\n<div class='flex_column av-3yef3q-43727ae801e78b0128ee59d77371241e av_one_full  avia-builder-el-5  el_after_av_one_full  el_before_av_section  avia-builder-el-last  first flex_column_div av-zero-column-padding column-top-margin'   ><article  class=\"iconbox iconbox_left av-k0ez3e5r-5be7d9d47455f8a1cc8bd0daea90db0a  avia-builder-el-6  avia-builder-el-no-sibling  \"  itemscope=\"itemscope\" itemtype=\"https:\/\/schema.org\/CreativeWork\" ><div class=\"iconbox_content\"><header class=\"entry-content-header\"><div class=\"iconbox_icon heading-color\" aria-hidden='true' data-av_icon='\ue806' data-av_iconfont='entypo-fontello'><\/div><h3 class='iconbox_content_title  '  itemprop=\"headline\" >Du m\u00f6chtest uns unterst\u00fctzen?<\/h3><\/header><div class='iconbox_content_container  '  itemprop=\"text\" ><p>Du m\u00f6chtest uns bei unseren Projekten unterst\u00fctzen? Dann spende f\u00fcr unsere Arbeit.<br \/>\nAlle Spenden sind steuerlich absetzbar.<\/p>\n<p>Unser Spendenkonto lautet:<br \/>\nIBAN: DE98 1009 0000 2785 3390 13<br \/>\nBIC: BEVODEBB<\/p>\n<\/div><\/div><footer class=\"entry-footer\"><\/footer><\/article><\/div>\n<\/div><\/div><\/div><!-- close content main div --><\/div><\/div>\n<style type=\"text\/css\" data-created_by=\"avia_inline_auto\" id=\"style-css-av-3pecfq-7d78cfafc7fbe9395f275b727e4ddbf0\">\n.avia-section.av-3pecfq-7d78cfafc7fbe9395f275b727e4ddbf0 .av-parallax .av-parallax-inner{\nbackground-repeat:no-repeat;\nbackground-image:url(https:\/\/willybrandtcenter.org\/wp-content\/uploads\/2015\/07\/pinky-swear-329329_1280.jpg);\nbackground-position:50% 0%;\nbackground-attachment:scroll;\n}\n.avia-section.av-3pecfq-7d78cfafc7fbe9395f275b727e4ddbf0 .av-section-color-overlay{\nopacity:0.3;\nbackground-color:#cc3333;\n}\n<\/style>\n<div id='av_section_2'  class='avia-section av-3pecfq-7d78cfafc7fbe9395f275b727e4ddbf0 main_color avia-section-default avia-no-border-styling  avia-builder-el-7  el_after_av_one_full  el_before_av_one_fourth  htsectionbackgroundimage avia-full-stretch av-parallax-section avia-bg-style-parallax av-section-color-overlay-active  av-minimum-height av-minimum-height-25  container_wrap fullsize'  data-section-bg-repeat='stretch' data-av_minimum_height_pc='25'><div class='av-parallax' data-avia-parallax-ratio='0.3' ><div class='av-parallax-inner main_color avia-full-stretch'><\/div><\/div><div class='av-section-color-overlay-wrap'><div class=\"av-section-color-overlay\"><\/div><a href='#next-section' title='' class='scroll-down-link ' aria-hidden='true' data-av_icon='\ue877' data-av_iconfont='entypo-fontello'><\/a><div class='container av-section-cont-open' ><div class='template-page content  av-content-full alpha units'><div class='post-entry post-entry-type-page post-entry-230'><div class='entry-content-wrapper clearfix'>\n\n<style type=\"text\/css\" data-created_by=\"avia_inline_auto\" id=\"style-css-av-3mgcum-0f9eaac041009ddf5123fb227b189cc7\">\n#top .av-special-heading.av-3mgcum-0f9eaac041009ddf5123fb227b189cc7{\npadding-bottom:10px;\nfont-size:60px;\n}\n<\/style>\n<div  class='av-special-heading av-3mgcum-0f9eaac041009ddf5123fb227b189cc7 av-special-heading-h1 blockquote modern-quote  avia-builder-el-8  avia-builder-el-no-sibling  av-inherit-size '><h1 class='av-special-heading-tag '  itemprop=\"headline\"  >Werde F\u00f6rdermitglied<\/h1><div class='special-heading-border'><div class='special-heading-inner-border'><\/div><\/div><\/div>\n<\/div><\/div><\/div><!-- close content main div --><\/div><\/div><\/div><div id='after_section_2'  class='main_color av_default_container_wrap container_wrap fullsize'  ><div class='container av-section-cont-open' ><div class='template-page content  av-content-full alpha units'><div class='post-entry post-entry-type-page post-entry-230'><div class='entry-content-wrapper clearfix'>\n\n<style type=\"text\/css\" data-created_by=\"avia_inline_auto\" id=\"style-css-av-c1v06-3acb82878108fc2e37db07ff1d0cfb29\">\n.flex_column.av-c1v06-3acb82878108fc2e37db07ff1d0cfb29{\nborder-radius:0px 0px 0px 0px;\n-webkit-border-radius:0px 0px 0px 0px;\n-moz-border-radius:0px 0px 0px 0px;\n}\n<\/style>\n<div class='flex_column av-c1v06-3acb82878108fc2e37db07ff1d0cfb29 av_one_fourth  avia-builder-el-9  el_after_av_section  el_before_av_three_fourth  avia-builder-el-first  first flex_column_div av-zero-column-padding '   ><section  class='av_textblock_section av-377hla-03f60ae4159ca41782e36e1f7d447a90 '  itemscope=\"itemscope\" itemtype=\"https:\/\/schema.org\/CreativeWork\" ><div class='avia_textblock '  itemprop=\"text\" ><p>Das Willy Brandt Center Jerusalem braucht Ihre Unterst\u00fctzung. Jede Spende und jede F\u00f6rdermitgliedschaft kann die Arbeit des WBC noch besser machen. Die Vereinsmitglieder erhalten exklusive Hintergrundberichte aus Jerusalem und Einladungen zu den Veranstaltungen des WBC. Der Willy-Brandt-Zentrum e.V. ist der Tr\u00e4ger des WBC in Jerusalem.<\/p>\n<p>Er ist eine unabh\u00e4ngige Nichtregierungsorganisation mit Sitz in Berlin und geh\u00f6rt dem Forum Ziviler Friedensdienst an, in dem knapp 40 friedensorientierte Vereine zusammengeschlossen sind.<\/p>\n<p>Unsere Kontodaten:<br \/>\nIBAN: DE23 1009 0000 2785 3390 05<br \/>\nBIC: BEVODEBB<\/p>\n<\/div><\/section><\/div>\n\n<style type=\"text\/css\" data-created_by=\"avia_inline_auto\" id=\"style-css-av-33jz0u-b2c0c8ccc840165da25b514f41704598\">\n.flex_column.av-33jz0u-b2c0c8ccc840165da25b514f41704598{\nborder-radius:0px 0px 0px 0px;\n-webkit-border-radius:0px 0px 0px 0px;\n-moz-border-radius:0px 0px 0px 0px;\n}\n<\/style>\n<div class='flex_column av-33jz0u-b2c0c8ccc840165da25b514f41704598 av_three_fourth  avia-builder-el-11  el_after_av_one_fourth  avia-builder-el-last  flex_column_div av-zero-column-padding '   ><form action=\"https:\/\/willybrandtcenter.org\/en\/de\/spenden\/\" method=\"post\"  class=\"avia_ajax_form av-form-labels-visible   avia-builder-el-12  avia-builder-el-no-sibling   \" data-avia-form-id=\"1\" data-avia-redirect='' ><fieldset><p class='  first_form  form_element form_element_third' id='element_avia_1_1'><label for=\"avia_1_1\">Vorname<\/label> <input name=\"avia_1_1\" class=\"text_input \" type=\"text\" id=\"avia_1_1\" value=\"\" \/><\/p><p class='  form_element form_element_third' id='element_avia_2_1'><label for=\"avia_2_1\">Nachname<\/label> <input name=\"avia_2_1\" class=\"text_input \" type=\"text\" id=\"avia_2_1\" value=\"\" \/><\/p><p class='  form_element form_element_third' id='element_avia_3_1'><label for=\"avia_3_1\">E-Mail <abbr class=\"required\" title=\"ben\u00f6tigt\">*<\/abbr><\/label> <input name=\"avia_3_1\" class=\"text_input is_email\" type=\"text\" id=\"avia_3_1\" value=\"\" \/><\/p><p class='  first_form  form_element form_element_half' id='element_avia_4_1'><label for=\"avia_4_1\">Stra\u00dfe und Hausnummer<\/label> <input name=\"avia_4_1\" class=\"text_input \" type=\"text\" id=\"avia_4_1\" value=\"\" \/><\/p><p class='  form_element form_element_fourth' id='element_avia_5_1'><label for=\"avia_5_1\">PLZ<\/label> <input name=\"avia_5_1\" class=\"text_input \" type=\"text\" id=\"avia_5_1\" value=\"\" \/><\/p><p class='  form_element form_element_fourth' id='element_avia_6_1'><label for=\"avia_6_1\">Ort<\/label> <input name=\"avia_6_1\" class=\"text_input \" type=\"text\" id=\"avia_6_1\" value=\"\" \/><\/p><p class='  first_form  form_element form_element_half' id='element_avia_7_1'><label for=\"avia_7_1\">Telefon<\/label> <input name=\"avia_7_1\" class=\"text_input \" type=\"text\" id=\"avia_7_1\" value=\"\" \/><\/p><p class='  form_element form_element_half' id='element_avia_8_1'><label for=\"avia_8_1\">Geburtsdatum (TT.MM.JJJJ) <abbr class=\"required\" title=\"ben\u00f6tigt\">*<\/abbr><\/label> <input name=\"avia_8_1\" class=\"text_input is_empty\" type=\"text\" id=\"avia_8_1\" value=\"\" \/><\/p><p class='  first_form  form_element form_element_half' id='element_avia_9_1'><label for=\"avia_9_1\">Betrag <abbr class=\"required\" title=\"ben\u00f6tigt\">*<\/abbr><\/label><select  name=\"avia_9_1\" class=\"select is_empty\" id=\"avia_9_1\"><option  value ='Normal (66 \u20ac\/Jahr)'>Normal (66 \u20ac\/Jahr)<\/option><option  value ='Erm\u00e4\u00dfigt (33 \u20ac\/Jahr)'>Erm\u00e4\u00dfigt (33 \u20ac\/Jahr)<\/option><\/select><\/p><p class='  first_form  form_element form_fullwidth' id='element_avia_10_1'><label for=\"avia_10_1\">freier Betrag<\/label> <input name=\"avia_10_1\" class=\"text_input \" type=\"text\" id=\"avia_10_1\" value=\"\" \/><\/p><p class='  first_form  form_element form_element_third' id='element_avia_11_1'><label for=\"avia_11_1\">Kontoinhaber*in<\/label> <input name=\"avia_11_1\" class=\"text_input \" type=\"text\" id=\"avia_11_1\" value=\"\" \/><\/p><p class='  form_element form_element_third' id='element_avia_12_1'><label for=\"avia_12_1\">IBAN<\/label> <input name=\"avia_12_1\" class=\"text_input \" type=\"text\" id=\"avia_12_1\" value=\"\" \/><\/p><p class='  form_element form_element_third' id='element_avia_13_1'><label for=\"avia_13_1\">BIC<\/label> <input name=\"avia_13_1\" class=\"text_input \" type=\"text\" id=\"avia_13_1\" value=\"\" \/><\/p><p class='  first_form  form_element form_fullwidth av-last-visible-form-element' id='element_avia_14_1'><input  name=\"avia_14_1\" class=\"input_checkbox \" type=\"checkbox\" id=\"avia_14_1\" value=\"true\"\/><label class=\"input_checkbox_label\" for=\"avia_14_1\">Ich erm\u00e4chtige den Willy-Brandt-Zentrum e.V., Zahlungen von meinem Konto mittels Lastschrift j\u00e4hrlich einzuziehen. Zugleich weise ich mein Kreditinstitut an, die von dem Willy- Brandt-Zentrum e.V. auf mein Konto gezogenen Lastschriften einzul\u00f6sen. Hinweis Ich kann innerhalb von acht Wochen, beginnend mit dem Belastungsdatum, die Erstattung des belasteten Betrages verlangen. Es gelten dabei die mit meinem Kreditinstitut vereinbarten Bedingungen. Zahlungsart: Wiederkehrende Zahlung. Gl\u00e4ubiger-Identifikationsnummer DE23 ZZZ0 0000 6425 68, Mandatsreferenz (wird separat mitgeteilt).<\/label><\/p><p class=\"hidden\"><input type=\"text\" name=\"avia_15_1\" class=\"hidden \" id=\"avia_15_1\" value=\"\" \/><\/p><p class=\"form_element \"><input type=\"hidden\" value=\"1\" name=\"avia_generated_form1\" \/><input type=\"submit\" value=\"F\u00f6rdermitglied werden!\" class=\"button\"  data-sending-label=\"Sende\"\/><\/p><\/fieldset><\/form><div id=\"ajaxresponse_1\" class=\"ajaxresponse ajaxresponse_1 hidden\"><\/div><\/div>\n","protected":false},"excerpt":{"rendered":"","protected":false},"author":1,"featured_media":0,"parent":0,"menu_order":0,"comment_status":"closed","ping_status":"open","template":"","meta":[],"yoast_head":"<!-- This site is optimized with the Yoast SEO plugin v17.5 - https:\/\/yoast.com\/wordpress\/plugins\/seo\/ -->\n<title>Unterst\u00fctze uns - Willy Brandt Center Jerusalem<\/title>\n<meta name=\"robots\" content=\"index, follow, max-snippet:-1, max-image-preview:large, max-video-preview:-1\" \/>\n<link rel=\"canonical\" href=\"https:\/\/willybrandtcenter.org\/en\/de\/spenden\/\" \/>\n<meta property=\"og:locale\" content=\"de_DE\" \/>\n<meta property=\"og:type\" content=\"article\" \/>\n<meta property=\"og:title\" content=\"Unterst\u00fctze uns - Willy Brandt Center Jerusalem\" \/>\n<meta property=\"og:url\" content=\"https:\/\/willybrandtcenter.org\/en\/de\/spenden\/\" \/>\n<meta property=\"og:site_name\" content=\"Willy Brandt Center Jerusalem\" \/>\n<meta property=\"article:modified_time\" content=\"2025-06-27T05:56:49+00:00\" \/>\n<meta name=\"twitter:card\" content=\"summary\" \/>\n<meta name=\"twitter:label1\" content=\"Gesch\u00e4tzte Lesezeit\" \/>\n\t<meta name=\"twitter:data1\" content=\"8\u00a0Minuten\" \/>\n<script type=\"application\/ld+json\" class=\"yoast-schema-graph\">{\"@context\":\"https:\/\/schema.org\",\"@graph\":[{\"@type\":\"WebSite\",\"@id\":\"https:\/\/willybrandtcenter.org\/en\/en\/#website\",\"url\":\"https:\/\/willybrandtcenter.org\/en\/en\/\",\"name\":\"Willy Brandt Center Jerusalem\",\"description\":\"\",\"potentialAction\":[{\"@type\":\"SearchAction\",\"target\":{\"@type\":\"EntryPoint\",\"urlTemplate\":\"https:\/\/willybrandtcenter.org\/en\/en\/?s={search_term_string}\"},\"query-input\":\"required name=search_term_string\"}],\"inLanguage\":\"de\"},{\"@type\":\"WebPage\",\"@id\":\"https:\/\/willybrandtcenter.org\/en\/de\/spenden\/#webpage\",\"url\":\"https:\/\/willybrandtcenter.org\/en\/de\/spenden\/\",\"name\":\"Unterst\\u00fctze uns - Willy Brandt Center Jerusalem\",\"isPartOf\":{\"@id\":\"https:\/\/willybrandtcenter.org\/en\/en\/#website\"},\"datePublished\":\"2015-08-05T07:53:21+00:00\",\"dateModified\":\"2025-06-27T05:56:49+00:00\",\"breadcrumb\":{\"@id\":\"https:\/\/willybrandtcenter.org\/en\/de\/spenden\/#breadcrumb\"},\"inLanguage\":\"de\",\"potentialAction\":[{\"@type\":\"ReadAction\",\"target\":[\"https:\/\/willybrandtcenter.org\/en\/de\/spenden\/\"]}]},{\"@type\":\"BreadcrumbList\",\"@id\":\"https:\/\/willybrandtcenter.org\/en\/de\/spenden\/#breadcrumb\",\"itemListElement\":[{\"@type\":\"ListItem\",\"position\":1,\"name\":\"Home\",\"item\":\"https:\/\/willybrandtcenter.org\/en\/de\/\"},{\"@type\":\"ListItem\",\"position\":2,\"name\":\"Unterst\\u00fctze uns\"}]}]}<\/script>\n<!-- \/ Yoast SEO plugin. -->","yoast_head_json":{"title":"Unterst\u00fctze uns - Willy Brandt Center Jerusalem","robots":{"index":"index","follow":"follow","max-snippet":"max-snippet:-1","max-image-preview":"max-image-preview:large","max-video-preview":"max-video-preview:-1"},"canonical":"https:\/\/willybrandtcenter.org\/en\/de\/spenden\/","og_locale":"de_DE","og_type":"article","og_title":"Unterst\u00fctze uns - Willy Brandt Center Jerusalem","og_url":"https:\/\/willybrandtcenter.org\/en\/de\/spenden\/","og_site_name":"Willy Brandt Center Jerusalem","article_modified_time":"2025-06-27T05:56:49+00:00","twitter_card":"summary","twitter_misc":{"Gesch\u00e4tzte Lesezeit":"8\u00a0Minuten"},"schema":{"@context":"https:\/\/schema.org","@graph":[{"@type":"WebSite","@id":"https:\/\/willybrandtcenter.org\/en\/en\/#website","url":"https:\/\/willybrandtcenter.org\/en\/en\/","name":"Willy Brandt Center Jerusalem","description":"","potentialAction":[{"@type":"SearchAction","target":{"@type":"EntryPoint","urlTemplate":"https:\/\/willybrandtcenter.org\/en\/en\/?s={search_term_string}"},"query-input":"required name=search_term_string"}],"inLanguage":"de"},{"@type":"WebPage","@id":"https:\/\/willybrandtcenter.org\/en\/de\/spenden\/#webpage","url":"https:\/\/willybrandtcenter.org\/en\/de\/spenden\/","name":"Unterst\u00fctze uns - Willy Brandt Center Jerusalem","isPartOf":{"@id":"https:\/\/willybrandtcenter.org\/en\/en\/#website"},"datePublished":"2015-08-05T07:53:21+00:00","dateModified":"2025-06-27T05:56:49+00:00","breadcrumb":{"@id":"https:\/\/willybrandtcenter.org\/en\/de\/spenden\/#breadcrumb"},"inLanguage":"de","potentialAction":[{"@type":"ReadAction","target":["https:\/\/willybrandtcenter.org\/en\/de\/spenden\/"]}]},{"@type":"BreadcrumbList","@id":"https:\/\/willybrandtcenter.org\/en\/de\/spenden\/#breadcrumb","itemListElement":[{"@type":"ListItem","position":1,"name":"Home","item":"https:\/\/willybrandtcenter.org\/en\/de\/"},{"@type":"ListItem","position":2,"name":"Unterst\u00fctze uns"}]}]}},"_links":{"self":[{"href":"https:\/\/willybrandtcenter.org\/en\/de\/wp-json\/wp\/v2\/pages\/230\/"}],"collection":[{"href":"https:\/\/willybrandtcenter.org\/en\/de\/wp-json\/wp\/v2\/pages\/"}],"about":[{"href":"https:\/\/willybrandtcenter.org\/en\/de\/wp-json\/wp\/v2\/types\/page\/"}],"author":[{"embeddable":true,"href":"https:\/\/willybrandtcenter.org\/en\/de\/wp-json\/wp\/v2\/users\/1\/"}],"replies":[{"embeddable":true,"href":"https:\/\/willybrandtcenter.org\/en\/de\/wp-json\/wp\/v2\/comments\/?post=230"}],"version-history":[{"count":45,"href":"https:\/\/willybrandtcenter.org\/en\/de\/wp-json\/wp\/v2\/pages\/230\/revisions\/"}],"predecessor-version":[{"id":4140,"href":"https:\/\/willybrandtcenter.org\/en\/de\/wp-json\/wp\/v2\/pages\/230\/revisions\/4140\/"}],"wp:attachment":[{"href":"https:\/\/willybrandtcenter.org\/en\/de\/wp-json\/wp\/v2\/media\/?parent=230"}],"curies":[{"name":"wp","href":"https:\/\/api.w.org\/{rel}","templated":true}]}}