{"id":368,"date":"2015-09-22T11:45:35","date_gmt":"2015-09-22T09:45:35","guid":{"rendered":"http:\/\/willybrandtcenter.org\/?page_id=368"},"modified":"2025-03-18T08:09:10","modified_gmt":"2025-03-18T07:09:10","slug":"ueber-uns","status":"publish","type":"page","link":"https:\/\/willybrandtcenter.org\/en\/de\/ueber-uns\/","title":{"rendered":"\u00dcber uns"},"content":{"rendered":"\n<style type=\"text\/css\" data-created_by=\"avia_inline_auto\" id=\"style-css-av-4kx90w-5e7400890d6c1381c9c789814643c626\">\n.avia-section.av-4kx90w-5e7400890d6c1381c9c789814643c626 .av-parallax .av-parallax-inner{\nbackground-repeat:no-repeat;\nbackground-image:url(https:\/\/willybrandtcenter.org\/wp-content\/uploads\/2015\/09\/Kultur-1500x1000.jpg);\nbackground-position:50% 0%;\nbackground-attachment:scroll;\n}\n.avia-section.av-4kx90w-5e7400890d6c1381c9c789814643c626 .av-section-color-overlay{\nopacity:0.3;\nbackground-color:#cc3333;\n}\n<\/style>\n<div id='av_section_1'  class='avia-section av-4kx90w-5e7400890d6c1381c9c789814643c626 main_color avia-section-default avia-no-border-styling  avia-builder-el-0  el_before_av_one_third  avia-builder-el-first  htsectionbackgroundimage avia-full-stretch av-parallax-section avia-bg-style-parallax av-section-color-overlay-active  av-minimum-height av-minimum-height-25  container_wrap fullsize'  data-section-bg-repeat='stretch' data-av_minimum_height_pc='25'><div class='av-parallax' data-avia-parallax-ratio='0.3' ><div class='av-parallax-inner main_color avia-full-stretch'><\/div><\/div><div class='av-section-color-overlay-wrap'><div class=\"av-section-color-overlay\"><\/div><a href='#next-section' title='' class='scroll-down-link ' aria-hidden='true' data-av_icon='\ue877' data-av_iconfont='entypo-fontello'><\/a><div class='container av-section-cont-open' ><main  role=\"main\" itemprop=\"mainContentOfPage\"  class='template-page content  av-content-full alpha units'><div class='post-entry post-entry-type-page post-entry-368'><div class='entry-content-wrapper clearfix'>\n\n<style type=\"text\/css\" data-created_by=\"avia_inline_auto\" id=\"style-css-av-4fk8q0-78f66e1b6383792d948928bd3c3bbc4a\">\n#top .av-special-heading.av-4fk8q0-78f66e1b6383792d948928bd3c3bbc4a{\npadding-bottom:10px;\nfont-size:60px;\n}\n<\/style>\n<div  class='av-special-heading av-4fk8q0-78f66e1b6383792d948928bd3c3bbc4a av-special-heading-h1 blockquote modern-quote  avia-builder-el-1  avia-builder-el-no-sibling  av-inherit-size '><h1 class='av-special-heading-tag '  itemprop=\"headline\"  >Das Willy Brandt Center<\/h1><div class='special-heading-border'><div class='special-heading-inner-border'><\/div><\/div><\/div>\n<\/div><\/div><\/main><!-- close content main element --><\/div><\/div><\/div><div id='after_section_1'  class='main_color av_default_container_wrap container_wrap fullsize'  ><div class='container av-section-cont-open' ><div class='template-page content  av-content-full alpha units'><div class='post-entry post-entry-type-page post-entry-368'><div class='entry-content-wrapper clearfix'>\n\n<style type=\"text\/css\" data-created_by=\"avia_inline_auto\" id=\"style-css-av-47nuao-f69a98360b5232fde53b621dc6a2b283\">\n.flex_column.av-47nuao-f69a98360b5232fde53b621dc6a2b283{\nborder-radius:0px 0px 0px 0px;\n-webkit-border-radius:0px 0px 0px 0px;\n-moz-border-radius:0px 0px 0px 0px;\n}\n<\/style>\n<div class='flex_column av-47nuao-f69a98360b5232fde53b621dc6a2b283 av_one_third  avia-builder-el-2  el_after_av_section  el_before_av_one_third  avia-builder-el-first  first flex_column_div av-zero-column-padding '   ><p>\n<style type=\"text\/css\" data-created_by=\"avia_inline_auto\" id=\"style-css-av-183mls-dd3c21ea47a2dd5f286bdcacc38c00fb\">\n#top .av-special-heading.av-183mls-dd3c21ea47a2dd5f286bdcacc38c00fb{\npadding-bottom:10px;\n}\n<\/style>\n<div  class='av-special-heading av-183mls-dd3c21ea47a2dd5f286bdcacc38c00fb av-special-heading-h2 blockquote modern-quote  avia-builder-el-3  el_before_av_textblock  avia-builder-el-first  '><h2 class='av-special-heading-tag '  itemprop=\"headline\"  >Das WBC<\/h2><div class='special-heading-border'><div class='special-heading-inner-border'><\/div><\/div><\/div><br \/>\n<section  class='av_textblock_section av-3x90gw-c0060ce8ba9a1ecf7694a6f989087267 '  itemscope=\"itemscope\" itemtype=\"https:\/\/schema.org\/CreativeWork\" ><div class='avia_textblock '  itemprop=\"text\" ><p>Das Willy Brandt Center ist ein\u00a0 einzigartiges Begegnungszentrum in Jerusalem. Hier treffen sich junge Menschen aus Israel, Pal\u00e4stina und der ganzen Welt auf Augenh\u00f6he und \u00fcber Grenzen und Konfliktlinien hinweg. Die Jugendlichen bringen sich in verschiedenen Projekten in den Bereichen Politik, Bildung und Kultur ein, bauen auf diese Weise Vorurteile ab und suchen gemeinsam nach L\u00f6sungen f\u00fcr eine bessere Zukunft. Denn die Hoffnung auf eine friedlichere Zukunft ist das, was uns zusammenbringt und zusammenh\u00e4lt. Das Zitat \u201eFrieden ist nicht alles, aber ohne Frieden ist alles nichts\u201c von Willy Brandt ist das Leitmotiv, das uns antreibt, immer weiterzumachen.<\/p>\n<\/div><\/section><\/p><\/div>\n\n<style type=\"text\/css\" data-created_by=\"avia_inline_auto\" id=\"style-css-av-3np7xc-fd8af133cdefc3a97b31fb8435f2c1f2\">\n.flex_column.av-3np7xc-fd8af133cdefc3a97b31fb8435f2c1f2{\nborder-radius:0px 0px 0px 0px;\n-webkit-border-radius:0px 0px 0px 0px;\n-moz-border-radius:0px 0px 0px 0px;\n}\n<\/style>\n<div class='flex_column av-3np7xc-fd8af133cdefc3a97b31fb8435f2c1f2 av_one_third  avia-builder-el-5  el_after_av_one_third  el_before_av_one_third  flex_column_div av-zero-column-padding '   ><p>\n<style type=\"text\/css\" data-created_by=\"avia_inline_auto\" id=\"style-css-av-40lj4-c61e0adfe38edbb564bc387c78513187\">\n#top .av-special-heading.av-40lj4-c61e0adfe38edbb564bc387c78513187{\npadding-bottom:10px;\n}\n<\/style>\n<div  class='av-special-heading av-40lj4-c61e0adfe38edbb564bc387c78513187 av-special-heading-h2 blockquote modern-quote  avia-builder-el-6  el_before_av_textblock  avia-builder-el-first  '><h2 class='av-special-heading-tag '  itemprop=\"headline\"  >Unser Ziel<\/h2><div class='special-heading-border'><div class='special-heading-inner-border'><\/div><\/div><\/div><br \/>\n<section  class='av_textblock_section av-3gcvq0-38cee75092750b85a6bc9e46d55437ed '  itemscope=\"itemscope\" itemtype=\"https:\/\/schema.org\/CreativeWork\" ><div class='avia_textblock '  itemprop=\"text\" ><p>Wir leben die doppelte Solidarit\u00e4t mit progressiven Kr\u00e4ften im israelisch-pal\u00e4stinensischen Konflikt. Wer diesen Konflikt nachhaltig l\u00f6sen will, muss Menschen auf Augenh\u00f6he zusammenbringen und Vertrauen aufbauen.\u00a0 Mit dem WBC haben wir einen \u201eSafe Space\u201c geschaffen, einen gesch\u00fctzten Raum, in dem Ideen entwickelt und selbstkritische Analysen getroffen werden k\u00f6nnen. Das WBC ist ein Ort f\u00fcr Fragen, die man sonst nicht stellen kann, f\u00fcr Antworten, die die andere Seite oft \u00fcberraschen und zeigen: wir sind uns \u00e4hnlich.<\/p>\n<p>Wir teilen die gleichen Werte: Freiheit, Gleichheit und internationale Solidarit\u00e4t. Diese Ziele wollen wir erreichen. In unseren fortlaufenden Projekten, mit bi- und trilateralen Seminaren, mit Workshops, Kunst- und Kulturprojekten, mit Delegationsreisen,\u00a0 Sprachkursen und Angeboten zum internationalen Jugendaustausch.<\/p>\n<\/div><\/section><\/p><\/div>\n\n<style type=\"text\/css\" data-created_by=\"avia_inline_auto\" id=\"style-css-av-38xlt4-490ad316edefd63aca448a2b6e374ebd\">\n.flex_column.av-38xlt4-490ad316edefd63aca448a2b6e374ebd{\nborder-radius:0px 0px 0px 0px;\n-webkit-border-radius:0px 0px 0px 0px;\n-moz-border-radius:0px 0px 0px 0px;\n}\n<\/style>\n<div class='flex_column av-38xlt4-490ad316edefd63aca448a2b6e374ebd av_one_third  avia-builder-el-8  el_after_av_one_third  el_before_av_heading  flex_column_div av-zero-column-padding '   ><p>\n<style type=\"text\/css\" data-created_by=\"avia_inline_auto\" id=\"style-css-av-xkca8-487b7453f529732029725bb724bcc715\">\n#top .av-special-heading.av-xkca8-487b7453f529732029725bb724bcc715{\npadding-bottom:10px;\n}\n<\/style>\n<div  class='av-special-heading av-xkca8-487b7453f529732029725bb724bcc715 av-special-heading-h2 blockquote modern-quote  avia-builder-el-9  el_before_av_textblock  avia-builder-el-first  '><h2 class='av-special-heading-tag '  itemprop=\"headline\"  >Unsere Geschichte<\/h2><div class='special-heading-border'><div class='special-heading-inner-border'><\/div><\/div><\/div><br \/>\n<section  class='av_textblock_section av-2vx42g-ae9e1c7f0e57e8b8a0a8f61ae7c5a363 '  itemscope=\"itemscope\" itemtype=\"https:\/\/schema.org\/CreativeWork\" ><div class='avia_textblock '  itemprop=\"text\" ><p>Das WBC ist 1996 auf Initiative der Jusos gegr\u00fcndet worden. Damit sollte vor dem Hintergrund der deutschen Geschichte ein Beitrag zur Verst\u00e4ndigung in der Region geleistet werden. Heute dient es f\u00fcr viele zivilgesellschaftliche Kr\u00e4fte, Jugendorganisationen, Gewerkschaften und friedensorientierte Parteien als wichtiger Ort des Dialogs.<\/p>\n<\/div><\/section><br \/>\n<div  class='togglecontainer av-2qyt34-b141c40a4fc6f91fb02e1a68f53c9527  avia-builder-el-11  el_after_av_textblock  avia-builder-el-last  toggle_close_all ' >\n<section class='av_toggle_section av-2ruf4-57ed28208e5be14823502594087380af'  itemscope=\"itemscope\" itemtype=\"https:\/\/schema.org\/CreativeWork\" ><div role=\"tablist\" class=\"single_toggle\" data-tags=\"{Alle} \"  ><p data-fake-id='#toggle-id-1' class='toggler   '  itemprop=\"headline\"  role='tab' tabindex='0' aria-controls='toggle-id-1'>Gr\u00fcndungsphase<span class=\"toggle_icon\"><span class=\"vert_icon\"><\/span><span class=\"hor_icon\"><\/span><\/span><\/p><div id='toggle-id-1' class='toggle_wrap  '  ><div class='toggle_content invers-color '  itemprop=\"text\" ><p>Als 1996 in Ramallah der deutsch-israelisch-pal\u00e4stinensische Gr\u00fcndungsvertrag des \u201eWilly-Brandt-Zentrums f\u00fcr Begegnung und Verst\u00e4ndigung\u201c unterschrieben wurde, hatte der Osloer Friedensprozess bereits erhebliche R\u00fcckschl\u00e4ge erlitten. Zivile Konfliktbearbeitung wurde als Notwendigkeit und zentrale Herausforderung in diesem Konflikt erkannt. Die Partner stimmten darin \u00fcberein, dass der Friedensprozess ohne einen parallelen gesellschaftlichen Prozess nicht funktionieren k\u00f6nne. Fundament und Ziel der gemeinsamen Arbeit ist die Verwirklichung der Zwei-Staaten-L\u00f6sung.<\/p>\n<\/div><\/div><\/div><\/section>\n<section class='av_toggle_section av-iqa7c-e612049128e870a4b1622f8be38d4542'  itemscope=\"itemscope\" itemtype=\"https:\/\/schema.org\/CreativeWork\" ><div role=\"tablist\" class=\"single_toggle\" data-tags=\"{Alle} \"  ><p data-fake-id='#toggle-id-2' class='toggler   '  itemprop=\"headline\"  role='tab' tabindex='0' aria-controls='toggle-id-2'>Friedensarbeit<span class=\"toggle_icon\"><span class=\"vert_icon\"><\/span><span class=\"hor_icon\"><\/span><\/span><\/p><div id='toggle-id-2' class='toggle_wrap  '  ><div class='toggle_content invers-color '  itemprop=\"text\" ><p>Im Jahr 2000 startete das erste Projekt des Zivilen Friedensdienstes in der Region und er\u00f6ffnete im Jerusalem das erste B\u00fcro des Willy Brandt Centers.\u00a0 In enger Kooperation mit dem Forum Ziviler Friedensdienst (forumZFD) und gef\u00f6rdert durch ein neues Programm des Bundesentwicklungshilfeministerium war es der Auftrag, ein Netzwerk f\u00fcr Projekte der zivilen Konfliktbearbeitung aufzubauen.<\/p>\n<\/div><\/div><\/div><\/section>\n<section class='av_toggle_section av-hqczs-d61d2e05565244466c2c6e9a5ef48228'  itemscope=\"itemscope\" itemtype=\"https:\/\/schema.org\/CreativeWork\" ><div role=\"tablist\" class=\"single_toggle\" data-tags=\"{Alle} \"  ><p data-fake-id='#toggle-id-3' class='toggler   '  itemprop=\"headline\"  role='tab' tabindex='0' aria-controls='toggle-id-3'>Gr\u00fcne Linie<span class=\"toggle_icon\"><span class=\"vert_icon\"><\/span><span class=\"hor_icon\"><\/span><\/span><\/p><div id='toggle-id-3' class='toggle_wrap  '  ><div class='toggle_content invers-color '  itemprop=\"text\" ><p>Im Jahr 2003 gelang es dem Willy-Brandt-Zentrum e.V., auf der gr\u00fcnen Linie \u2013 der Waffenstillstandslinie von 1948\u00a0 zwischen Ost- und West-Jerusalem \u2013 ein Haus anzumieten und dort ein Internationales Begegnungszentrum zu schaffen. Dieser Standort war bewusst gew\u00e4hlt und \u201ematerialisierte\u201c die Idee des Zentrums als einen Ort, der f\u00fcr beide Seiten gleicherma\u00dfen zug\u00e4nglich sein m\u00f6chte, nicht nur geographisch, sondern auch emotional.<br \/>\nDie Lage auf der gr\u00fcnen Linie ist in Zeiten stetiger R\u00fcckschritte im Friedensprozess f\u00fcr die Nachhaltigkeit der Arbeit des WBC von entscheidender Bedeutung. Denn nur so konnten sich bis heute alle Organisationen dazu entscheiden, an der Idee des Zentrums festzuhalten und weiterhin in Kontakt zu bleiben.<\/p>\n<\/div><\/div><\/div><\/section>\n<section class='av_toggle_section av-929nk-54e99a40b60ebd37ea9902d41e3240c6'  itemscope=\"itemscope\" itemtype=\"https:\/\/schema.org\/CreativeWork\" ><div role=\"tablist\" class=\"single_toggle\" data-tags=\"{Alle} \"  ><p data-fake-id='#toggle-id-4' class='toggler   '  itemprop=\"headline\"  role='tab' tabindex='0' aria-controls='toggle-id-4'>Begegnungszentrum f\u00fcr alle<span class=\"toggle_icon\"><span class=\"vert_icon\"><\/span><span class=\"hor_icon\"><\/span><\/span><\/p><div id='toggle-id-4' class='toggle_wrap  '  ><div class='toggle_content invers-color '  itemprop=\"text\" ><p>2014 etablierte der Willy-Brandt-Zentrum e.V. die gemeinn\u00fctzige Gesellschaft \u201eCenter for International Encounters\u201c. Diese hat die Aufgabe, die Angebote noch weiter zu \u00f6ffnen und das Zentrum zu einer internationionalen Begegnungsst\u00e4tte auszubauen.<\/p>\n<\/div><\/div><\/div><\/section>\n<\/div><\/p><\/div>\n\n<style type=\"text\/css\" data-created_by=\"avia_inline_auto\" id=\"style-css-av-1ja94-478d896002065f36b31893085302b31f\">\n#top .av-special-heading.av-1ja94-478d896002065f36b31893085302b31f{\nmargin:15px 0 25px 0;\npadding-bottom:10px;\n}\n<\/style>\n<div  class='av-special-heading av-1ja94-478d896002065f36b31893085302b31f av-special-heading-h2 blockquote modern-quote  avia-builder-el-12  el_after_av_one_third  el_before_av_one_third  '><h2 class='av-special-heading-tag '  itemprop=\"headline\"  >Unser Team in Jerusalem<\/h2><div class='special-heading-border'><div class='special-heading-inner-border'><\/div><\/div><\/div>\n\n<style type=\"text\/css\" data-created_by=\"avia_inline_auto\" id=\"style-css-av-1qs6so-d3622905f4ce26edca9403e73698e668\">\n.flex_column.av-1qs6so-d3622905f4ce26edca9403e73698e668{\nborder-radius:0px 0px 0px 0px;\n-webkit-border-radius:0px 0px 0px 0px;\n-moz-border-radius:0px 0px 0px 0px;\n}\n<\/style>\n<div class='flex_column av-1qs6so-d3622905f4ce26edca9403e73698e668 av_one_third  avia-builder-el-13  el_after_av_heading  el_before_av_one_third  first flex_column_div av-zero-column-padding '   ><section  class='avia-team-member av-1kxh5c-e2776960b0d835ed056da993ddd3b739  avia-builder-el-14  avia-builder-el-no-sibling  '  itemscope=\"itemscope\" itemtype=\"https:\/\/schema.org\/Person\" ><h3 class='team-member-name '  itemprop=\"name\" >Fiona Kopp<\/h3><div class='team-member-job-title '  itemprop=\"jobTitle\" >Projektleiterin \u201eEntscheider*innen der Zukunft\u201c<\/div><span class='hidden team-member-affiliation'  itemprop=\"affiliation\" >Willy Brandt Center Jerusalem<\/span><\/section><\/div>\n<style type=\"text\/css\" data-created_by=\"avia_inline_auto\" id=\"style-css-av-56wog-c6d6a38a739b73cf9b65ca65f5b8befa\">\n.flex_column.av-56wog-c6d6a38a739b73cf9b65ca65f5b8befa{\nborder-radius:0px 0px 0px 0px;\n-webkit-border-radius:0px 0px 0px 0px;\n-moz-border-radius:0px 0px 0px 0px;\n}\n<\/style>\n<div class='flex_column av-56wog-c6d6a38a739b73cf9b65ca65f5b8befa av_one_third  avia-builder-el-15  el_after_av_one_third  el_before_av_one_third  flex_column_div av-zero-column-padding '   ><section  class='avia-team-member av-jkpa64cz-ee13b74db6d1e4030ee375a4f64b4aea  avia-builder-el-16  avia-builder-el-no-sibling  '  itemscope=\"itemscope\" itemtype=\"https:\/\/schema.org\/Person\" ><h3 class='team-member-name '  itemprop=\"name\" ><a href=\"mailto:wiebke.warkentin@willybrandtcenter.org\">Wiebke Warkentin<\/a><\/h3><div class='team-member-job-title '  itemprop=\"jobTitle\" >Projektleiterin \u201eFrieden durch Bildung\u201c<\/div><span class='hidden team-member-affiliation'  itemprop=\"affiliation\" >Willy Brandt Center Jerusalem<\/span><\/section><\/div>\n<style type=\"text\/css\" data-created_by=\"avia_inline_auto\" id=\"style-css-av-18r520-e0b0d61177480c30ca723d296993169f\">\n.flex_column.av-18r520-e0b0d61177480c30ca723d296993169f{\nborder-radius:0px 0px 0px 0px;\n-webkit-border-radius:0px 0px 0px 0px;\n-moz-border-radius:0px 0px 0px 0px;\n}\n<\/style>\n<div class='flex_column av-18r520-e0b0d61177480c30ca723d296993169f av_one_third  avia-builder-el-17  el_after_av_one_third  el_before_av_one_third  flex_column_div av-zero-column-padding '   ><section  class='avia-team-member av-13udmo-9d5b9b1fdd7acadf03baf6ba9f8b702a  avia-builder-el-18  avia-builder-el-no-sibling  '  itemscope=\"itemscope\" itemtype=\"https:\/\/schema.org\/Person\" ><h3 class='team-member-name '  itemprop=\"name\" ><a href=\"mailto:marlene.hahnewald@willybrandtcenter.org\">Marlene Hahnewald<\/a><\/h3><div class='team-member-job-title '  itemprop=\"jobTitle\" >Projektleiterin \u201eKultur als Br\u00fccke\u201c<\/div><span class='hidden team-member-affiliation'  itemprop=\"affiliation\" >Willy Brandt Center Jerusalem<\/span><\/section><\/div><\/p>\n\n<style type=\"text\/css\" data-created_by=\"avia_inline_auto\" id=\"style-css-av-zgs0o-c7b335e9702e0318a77e6c507659815e\">\n.flex_column.av-zgs0o-c7b335e9702e0318a77e6c507659815e{\nborder-radius:0px 0px 0px 0px;\n-webkit-border-radius:0px 0px 0px 0px;\n-moz-border-radius:0px 0px 0px 0px;\n}\n<\/style>\n<div class='flex_column av-zgs0o-c7b335e9702e0318a77e6c507659815e av_one_third  avia-builder-el-19  el_after_av_one_third  el_before_av_heading  first flex_column_div av-zero-column-padding column-top-margin'   ><section  class='avia-team-member av-sq3wo-4ded13e3625e7d6ef896b670bddfef95  avia-builder-el-20  avia-builder-el-no-sibling  '  itemscope=\"itemscope\" itemtype=\"https:\/\/schema.org\/Person\" ><span class='hidden team-member-affiliation'  itemprop=\"affiliation\" >Willy Brandt Center Jerusalem<\/span><\/section><\/div>\n\n<style type=\"text\/css\" data-created_by=\"avia_inline_auto\" id=\"style-css-av-6sr8o-8a89f86c4b57bc50349b04735cce05d9\">\n#top .av-special-heading.av-6sr8o-8a89f86c4b57bc50349b04735cce05d9{\nmargin:0px 0 25px 0;\npadding-bottom:10px;\n}\n<\/style>\n<div  class='av-special-heading av-6sr8o-8a89f86c4b57bc50349b04735cce05d9 av-special-heading-h2 blockquote modern-quote  avia-builder-el-21  el_after_av_one_third  el_before_av_one_third  '><h2 class='av-special-heading-tag '  itemprop=\"headline\"  >Unser Team in Berlin<\/h2><div class='special-heading-border'><div class='special-heading-inner-border'><\/div><\/div><\/div>\n\n<style type=\"text\/css\" data-created_by=\"avia_inline_auto\" id=\"style-css-av-eyiuw-8c92dae8a3a6b619fe781c0534210b5f\">\n.flex_column.av-eyiuw-8c92dae8a3a6b619fe781c0534210b5f{\nborder-radius:0px 0px 0px 0px;\n-webkit-border-radius:0px 0px 0px 0px;\n-moz-border-radius:0px 0px 0px 0px;\n}\n<\/style>\n<div class='flex_column av-eyiuw-8c92dae8a3a6b619fe781c0534210b5f av_one_third  avia-builder-el-22  el_after_av_heading  avia-builder-el-last  first flex_column_div av-zero-column-padding '   ><section  class='avia-team-member av-jkp9xbao-0d883188e79c7d1ed75ee04e3efecc2f  avia-builder-el-23  avia-builder-el-no-sibling  '  itemscope=\"itemscope\" itemtype=\"https:\/\/schema.org\/Person\" ><div class=\"team-img-container\"><img class='wp-image-4129 avia-img-lazy-loading-not-4129 avia_image avia_image_team' src='https:\/\/willybrandtcenter.org\/wp-content\/uploads\/2024\/07\/vorstand2024_-300x200.jpg' alt='Hinten: Ren\u00e9 Faust, Karl M\u00fcller-Bahlke, Harald Schrapers, Micki B\u00f6rchers. Vorne: Manon Luther, Michelle Rei\u00dfmann (stv. Vorsitzende), Andrea Nahles (Vorsitzende), Fabian Kors, Steffen G\u00f6ths (stv. Vorsitzender).'  itemprop=\"image\"  \/><\/div><h3 class='team-member-name '  itemprop=\"name\" >Hinten: Ren\u00e9 Faust, Karl M\u00fcller-Bahlke, Harald Schrapers, Micki B\u00f6rchers. Vorne: Manon Luther, Michelle Rei\u00dfmann (stv. Vorsitzende), Andrea Nahles (Vorsitzende), Fabian Kors, Steffen G\u00f6ths (stv. Vorsitzender).<\/h3><span class='hidden team-member-affiliation'  itemprop=\"affiliation\" >Willy Brandt Center Jerusalem<\/span><\/section><\/div>\n","protected":false},"excerpt":{"rendered":"","protected":false},"author":1,"featured_media":0,"parent":0,"menu_order":0,"comment_status":"closed","ping_status":"open","template":"","meta":[],"yoast_head":"<!-- This site is optimized with the Yoast SEO plugin v17.5 - https:\/\/yoast.com\/wordpress\/plugins\/seo\/ -->\n<title>\u00dcber uns - Willy Brandt Center Jerusalem<\/title>\n<meta name=\"robots\" content=\"index, follow, max-snippet:-1, max-image-preview:large, max-video-preview:-1\" \/>\n<link rel=\"canonical\" href=\"https:\/\/willybrandtcenter.org\/en\/de\/ueber-uns\/\" \/>\n<meta property=\"og:locale\" content=\"de_DE\" \/>\n<meta property=\"og:type\" content=\"article\" \/>\n<meta property=\"og:title\" content=\"\u00dcber uns - Willy Brandt Center Jerusalem\" \/>\n<meta property=\"og:url\" content=\"https:\/\/willybrandtcenter.org\/en\/de\/ueber-uns\/\" \/>\n<meta property=\"og:site_name\" content=\"Willy Brandt Center Jerusalem\" \/>\n<meta property=\"article:modified_time\" content=\"2025-03-18T07:09:10+00:00\" \/>\n<meta name=\"twitter:card\" content=\"summary\" \/>\n<meta name=\"twitter:label1\" content=\"Gesch\u00e4tzte Lesezeit\" \/>\n\t<meta name=\"twitter:data1\" content=\"10\u00a0Minuten\" \/>\n<script type=\"application\/ld+json\" class=\"yoast-schema-graph\">{\"@context\":\"https:\/\/schema.org\",\"@graph\":[{\"@type\":\"WebSite\",\"@id\":\"https:\/\/willybrandtcenter.org\/en\/en\/#website\",\"url\":\"https:\/\/willybrandtcenter.org\/en\/en\/\",\"name\":\"Willy Brandt Center Jerusalem\",\"description\":\"\",\"potentialAction\":[{\"@type\":\"SearchAction\",\"target\":{\"@type\":\"EntryPoint\",\"urlTemplate\":\"https:\/\/willybrandtcenter.org\/en\/en\/?s={search_term_string}\"},\"query-input\":\"required name=search_term_string\"}],\"inLanguage\":\"de\"},{\"@type\":\"WebPage\",\"@id\":\"https:\/\/willybrandtcenter.org\/en\/de\/ueber-uns\/#webpage\",\"url\":\"https:\/\/willybrandtcenter.org\/en\/de\/ueber-uns\/\",\"name\":\"\\u00dcber uns - Willy Brandt Center Jerusalem\",\"isPartOf\":{\"@id\":\"https:\/\/willybrandtcenter.org\/en\/en\/#website\"},\"datePublished\":\"2015-09-22T09:45:35+00:00\",\"dateModified\":\"2025-03-18T07:09:10+00:00\",\"breadcrumb\":{\"@id\":\"https:\/\/willybrandtcenter.org\/en\/de\/ueber-uns\/#breadcrumb\"},\"inLanguage\":\"de\",\"potentialAction\":[{\"@type\":\"ReadAction\",\"target\":[\"https:\/\/willybrandtcenter.org\/en\/de\/ueber-uns\/\"]}]},{\"@type\":\"BreadcrumbList\",\"@id\":\"https:\/\/willybrandtcenter.org\/en\/de\/ueber-uns\/#breadcrumb\",\"itemListElement\":[{\"@type\":\"ListItem\",\"position\":1,\"name\":\"Home\",\"item\":\"https:\/\/willybrandtcenter.org\/en\/de\/\"},{\"@type\":\"ListItem\",\"position\":2,\"name\":\"\\u00dcber uns\"}]}]}<\/script>\n<!-- \/ Yoast SEO plugin. -->","yoast_head_json":{"title":"\u00dcber uns - Willy Brandt Center Jerusalem","robots":{"index":"index","follow":"follow","max-snippet":"max-snippet:-1","max-image-preview":"max-image-preview:large","max-video-preview":"max-video-preview:-1"},"canonical":"https:\/\/willybrandtcenter.org\/en\/de\/ueber-uns\/","og_locale":"de_DE","og_type":"article","og_title":"\u00dcber uns - Willy Brandt Center Jerusalem","og_url":"https:\/\/willybrandtcenter.org\/en\/de\/ueber-uns\/","og_site_name":"Willy Brandt Center Jerusalem","article_modified_time":"2025-03-18T07:09:10+00:00","twitter_card":"summary","twitter_misc":{"Gesch\u00e4tzte Lesezeit":"10\u00a0Minuten"},"schema":{"@context":"https:\/\/schema.org","@graph":[{"@type":"WebSite","@id":"https:\/\/willybrandtcenter.org\/en\/en\/#website","url":"https:\/\/willybrandtcenter.org\/en\/en\/","name":"Willy Brandt Center Jerusalem","description":"","potentialAction":[{"@type":"SearchAction","target":{"@type":"EntryPoint","urlTemplate":"https:\/\/willybrandtcenter.org\/en\/en\/?s={search_term_string}"},"query-input":"required name=search_term_string"}],"inLanguage":"de"},{"@type":"WebPage","@id":"https:\/\/willybrandtcenter.org\/en\/de\/ueber-uns\/#webpage","url":"https:\/\/willybrandtcenter.org\/en\/de\/ueber-uns\/","name":"\u00dcber uns - Willy Brandt Center Jerusalem","isPartOf":{"@id":"https:\/\/willybrandtcenter.org\/en\/en\/#website"},"datePublished":"2015-09-22T09:45:35+00:00","dateModified":"2025-03-18T07:09:10+00:00","breadcrumb":{"@id":"https:\/\/willybrandtcenter.org\/en\/de\/ueber-uns\/#breadcrumb"},"inLanguage":"de","potentialAction":[{"@type":"ReadAction","target":["https:\/\/willybrandtcenter.org\/en\/de\/ueber-uns\/"]}]},{"@type":"BreadcrumbList","@id":"https:\/\/willybrandtcenter.org\/en\/de\/ueber-uns\/#breadcrumb","itemListElement":[{"@type":"ListItem","position":1,"name":"Home","item":"https:\/\/willybrandtcenter.org\/en\/de\/"},{"@type":"ListItem","position":2,"name":"\u00dcber uns"}]}]}},"_links":{"self":[{"href":"https:\/\/willybrandtcenter.org\/en\/de\/wp-json\/wp\/v2\/pages\/368\/"}],"collection":[{"href":"https:\/\/willybrandtcenter.org\/en\/de\/wp-json\/wp\/v2\/pages\/"}],"about":[{"href":"https:\/\/willybrandtcenter.org\/en\/de\/wp-json\/wp\/v2\/types\/page\/"}],"author":[{"embeddable":true,"href":"https:\/\/willybrandtcenter.org\/en\/de\/wp-json\/wp\/v2\/users\/1\/"}],"replies":[{"embeddable":true,"href":"https:\/\/willybrandtcenter.org\/en\/de\/wp-json\/wp\/v2\/comments\/?post=368"}],"version-history":[{"count":69,"href":"https:\/\/willybrandtcenter.org\/en\/de\/wp-json\/wp\/v2\/pages\/368\/revisions\/"}],"predecessor-version":[{"id":4134,"href":"https:\/\/willybrandtcenter.org\/en\/de\/wp-json\/wp\/v2\/pages\/368\/revisions\/4134\/"}],"wp:attachment":[{"href":"https:\/\/willybrandtcenter.org\/en\/de\/wp-json\/wp\/v2\/media\/?parent=368"}],"curies":[{"name":"wp","href":"https:\/\/api.w.org\/{rel}","templated":true}]}}