{"id":431,"date":"2015-09-30T17:31:52","date_gmt":"2015-09-30T15:31:52","guid":{"rendered":"http:\/\/willybrandtcenter.org\/?page_id=431"},"modified":"2018-05-26T23:50:36","modified_gmt":"2018-05-26T21:50:36","slug":"datenschutz","status":"publish","type":"page","link":"https:\/\/willybrandtcenter.org\/en\/de\/datenschutz\/","title":{"rendered":"Datenschutzerkl\u00e4rung"},"content":{"rendered":"\n<style type=\"text\/css\" data-created_by=\"avia_inline_auto\" id=\"style-css-av-av_heading-e2649ce05c24cbc4f8d5bac802230e31\">\n#top .av-special-heading.av-av_heading-e2649ce05c24cbc4f8d5bac802230e31{\npadding-bottom:10px;\n}\n<\/style>\n<div  class='av-special-heading av-av_heading-e2649ce05c24cbc4f8d5bac802230e31 av-special-heading-h1 blockquote modern-quote  avia-builder-el-0  el_before_av_textblock  avia-builder-el-first  '><h1 class='av-special-heading-tag '  itemprop=\"headline\"  >Datenschutzerkl\u00e4rung<\/h1><div class='special-heading-border'><div class='special-heading-inner-border'><\/div><\/div><\/div>\n<section  class='av_textblock_section av-av_textblock-2bd894dbf2e4bf2c4acf98ce4fbf94aa '  itemscope=\"itemscope\" itemtype=\"https:\/\/schema.org\/CreativeWork\" ><div class='avia_textblock '  itemprop=\"text\" ><p><a href=\"https:\/\/willybrandtcenter.org\/wp-content\/uploads\/2018\/05\/DSGVO-WBC.pdf\" target=\"_blank\" rel=\"noopener\">Klicken Sie hier um unsere Angaben gem\u00e4\u00df DSGVO zu lesen (Stand Mai 2018)<\/a><\/p>\n<p>Disclaimer und Datenschutzerkl\u00e4rung<\/p>\n<p>Haftung f\u00fcr Inhalte<br \/>\nWir bem\u00fchen uns die Inhalte unserer Seite aktuell zu halten. Trotz sorgf\u00e4ltiger Bearbeitung bleibt eine Haftung ausgeschlossen.<\/p>\n<p>Als Diensteanbieter sind wir gem\u00e4\u00df \u00a7 7 Abs.1 TMG f\u00fcr eigene Inhalte auf diesen Seiten nach den allgemeinen Gesetzen verantwortlich.<\/p>\n<p>Nach \u00a7\u00a7 8 bis 10 TMG sind wir als Diensteanbieter jedoch nicht verpflichtet, \u00fcbermittelte oder gespeicherte fremde Informationen zu \u00fcberwachen. Bei bekannt werden von Rechtsverletzungen, werden wir diese Inhalte umgehend entfernen. Eine diesbez\u00fcgliche Haftung \u00fcbernehmen wir erst ab dem Zeitpunkt der Kenntnis einer m\u00f6glichen Rechtsverletzung.<\/p>\n<p>Haftung f\u00fcr Links<br \/>\nUnser Angebot enth\u00e4lt Links zu externen Webseiten Dritter, auf deren Inhalte wir keinen Einfluss haben. F\u00fcr die Inhalte der verlinkten Seiten ist stets der jeweilige Anbieter oder Betreiber der Seiten verantwortlich. F\u00fcr die Inhalte und die Richtigkeit der Informationen verlinkter Websites fremder Informationsanbieter wird keine Gew\u00e4hr \u00fcbernommen.<\/p>\n<p>Die verlinkten Seiten wurden zum Zeitpunkt der Verlinkung auf m\u00f6gliche Rechtsverst\u00f6\u00dfe OHNE BEANSTANDUNG \u00fcberpr\u00fcft. Bei bekannt werden von Rechtsverletzungen werden wir derartige Links umgehend entfernen.<\/p>\n<p>Urheberrecht<br \/>\nDie durch die Seitenbetreiber erstellten Inhalte und Werke auf diesen Seiten unterliegen dem deutschen Urheberrecht. Die Vervielf\u00e4ltigung, Bearbeitung, Verbreitung und jede Art der Verwertung au\u00dferhalb der Grenzen des Urheberrechtes bed\u00fcrfen der schriftlichen Zustimmung des jeweiligen Autors bzw. Erstellers.<\/p>\n<p>Datenschutz<br \/>\nWir weisen darauf hin, dass die Daten\u00fcbertragung im Internet (z.B. bei der Kommunikation per E-Mail) Sicherheitsl\u00fccken aufweisen kann. Ein l\u00fcckenloser Schutz der Daten vor dem Zugriff durch Dritte ist nicht m\u00f6glich. Eine Vertraulichkeit im Hinblick auf die Datenschutzbestimmungen wird nur unter der vorstehenden Einschr\u00e4nkung gew\u00e4hrleistet. Insbesondere sollen alle Mitteilungen von personenbezogenen Daten \u00fcber das Internet nur erfolgen, soweit nicht Rechte Dritter ber\u00fchrt werden. Es sei denn der Dritte hat in Kenntnis der vorstehenden Sicherheitsl\u00fccken ebenfalls seine Zustimmung erkl\u00e4rt. Eine Haftung des Seitenbetreibers wird f\u00fcr die durch solche Sicherheitsl\u00fccken entstehenden Sch\u00e4den oder Unterlassungsanspr\u00fcche ausgeschlossen.<\/p>\n<p>Der Nutzung von allen ver\u00f6ffentlichten Kontaktdaten durch Dritte zur \u00dcbersendung von nicht ausdr\u00fccklich angeforderter Werbung wird widersprochen. Die Betreiber der Seiten behalten sich ausdr\u00fccklich rechtliche Schritte im Falle der unverlangten Zusendung von Werbeinformationen, etwa durch Spam-Mails, vor.<\/p>\n<\/div><\/section>\n","protected":false},"excerpt":{"rendered":"","protected":false},"author":1,"featured_media":0,"parent":0,"menu_order":0,"comment_status":"closed","ping_status":"open","template":"","meta":[],"yoast_head":"<!-- This site is optimized with the Yoast SEO plugin v17.5 - https:\/\/yoast.com\/wordpress\/plugins\/seo\/ -->\n<title>Datenschutzerkl\u00e4rung - Willy Brandt Center Jerusalem<\/title>\n<meta name=\"robots\" content=\"index, follow, max-snippet:-1, max-image-preview:large, max-video-preview:-1\" \/>\n<link rel=\"canonical\" href=\"https:\/\/willybrandtcenter.org\/en\/de\/datenschutz\/\" \/>\n<meta property=\"og:locale\" content=\"de_DE\" \/>\n<meta property=\"og:type\" content=\"article\" \/>\n<meta property=\"og:title\" content=\"Datenschutzerkl\u00e4rung - Willy Brandt Center Jerusalem\" \/>\n<meta property=\"og:url\" content=\"https:\/\/willybrandtcenter.org\/en\/de\/datenschutz\/\" \/>\n<meta property=\"og:site_name\" content=\"Willy Brandt Center Jerusalem\" \/>\n<meta property=\"article:modified_time\" content=\"2018-05-26T21:50:36+00:00\" \/>\n<meta name=\"twitter:card\" content=\"summary\" \/>\n<meta name=\"twitter:label1\" content=\"Gesch\u00e4tzte Lesezeit\" \/>\n\t<meta name=\"twitter:data1\" content=\"2\u00a0Minuten\" \/>\n<script type=\"application\/ld+json\" class=\"yoast-schema-graph\">{\"@context\":\"https:\/\/schema.org\",\"@graph\":[{\"@type\":\"WebSite\",\"@id\":\"https:\/\/willybrandtcenter.org\/en\/en\/#website\",\"url\":\"https:\/\/willybrandtcenter.org\/en\/en\/\",\"name\":\"Willy Brandt Center Jerusalem\",\"description\":\"\",\"potentialAction\":[{\"@type\":\"SearchAction\",\"target\":{\"@type\":\"EntryPoint\",\"urlTemplate\":\"https:\/\/willybrandtcenter.org\/en\/en\/?s={search_term_string}\"},\"query-input\":\"required name=search_term_string\"}],\"inLanguage\":\"de\"},{\"@type\":\"WebPage\",\"@id\":\"https:\/\/willybrandtcenter.org\/en\/de\/datenschutz\/#webpage\",\"url\":\"https:\/\/willybrandtcenter.org\/en\/de\/datenschutz\/\",\"name\":\"Datenschutzerkl\\u00e4rung - Willy Brandt Center Jerusalem\",\"isPartOf\":{\"@id\":\"https:\/\/willybrandtcenter.org\/en\/en\/#website\"},\"datePublished\":\"2015-09-30T15:31:52+00:00\",\"dateModified\":\"2018-05-26T21:50:36+00:00\",\"breadcrumb\":{\"@id\":\"https:\/\/willybrandtcenter.org\/en\/de\/datenschutz\/#breadcrumb\"},\"inLanguage\":\"de\",\"potentialAction\":[{\"@type\":\"ReadAction\",\"target\":[\"https:\/\/willybrandtcenter.org\/en\/de\/datenschutz\/\"]}]},{\"@type\":\"BreadcrumbList\",\"@id\":\"https:\/\/willybrandtcenter.org\/en\/de\/datenschutz\/#breadcrumb\",\"itemListElement\":[{\"@type\":\"ListItem\",\"position\":1,\"name\":\"Home\",\"item\":\"https:\/\/willybrandtcenter.org\/en\/de\/\"},{\"@type\":\"ListItem\",\"position\":2,\"name\":\"Datenschutzerkl\\u00e4rung\"}]}]}<\/script>\n<!-- \/ Yoast SEO plugin. -->","yoast_head_json":{"title":"Datenschutzerkl\u00e4rung - Willy Brandt Center Jerusalem","robots":{"index":"index","follow":"follow","max-snippet":"max-snippet:-1","max-image-preview":"max-image-preview:large","max-video-preview":"max-video-preview:-1"},"canonical":"https:\/\/willybrandtcenter.org\/en\/de\/datenschutz\/","og_locale":"de_DE","og_type":"article","og_title":"Datenschutzerkl\u00e4rung - Willy Brandt Center Jerusalem","og_url":"https:\/\/willybrandtcenter.org\/en\/de\/datenschutz\/","og_site_name":"Willy Brandt Center Jerusalem","article_modified_time":"2018-05-26T21:50:36+00:00","twitter_card":"summary","twitter_misc":{"Gesch\u00e4tzte Lesezeit":"2\u00a0Minuten"},"schema":{"@context":"https:\/\/schema.org","@graph":[{"@type":"WebSite","@id":"https:\/\/willybrandtcenter.org\/en\/en\/#website","url":"https:\/\/willybrandtcenter.org\/en\/en\/","name":"Willy Brandt Center Jerusalem","description":"","potentialAction":[{"@type":"SearchAction","target":{"@type":"EntryPoint","urlTemplate":"https:\/\/willybrandtcenter.org\/en\/en\/?s={search_term_string}"},"query-input":"required name=search_term_string"}],"inLanguage":"de"},{"@type":"WebPage","@id":"https:\/\/willybrandtcenter.org\/en\/de\/datenschutz\/#webpage","url":"https:\/\/willybrandtcenter.org\/en\/de\/datenschutz\/","name":"Datenschutzerkl\u00e4rung - Willy Brandt Center Jerusalem","isPartOf":{"@id":"https:\/\/willybrandtcenter.org\/en\/en\/#website"},"datePublished":"2015-09-30T15:31:52+00:00","dateModified":"2018-05-26T21:50:36+00:00","breadcrumb":{"@id":"https:\/\/willybrandtcenter.org\/en\/de\/datenschutz\/#breadcrumb"},"inLanguage":"de","potentialAction":[{"@type":"ReadAction","target":["https:\/\/willybrandtcenter.org\/en\/de\/datenschutz\/"]}]},{"@type":"BreadcrumbList","@id":"https:\/\/willybrandtcenter.org\/en\/de\/datenschutz\/#breadcrumb","itemListElement":[{"@type":"ListItem","position":1,"name":"Home","item":"https:\/\/willybrandtcenter.org\/en\/de\/"},{"@type":"ListItem","position":2,"name":"Datenschutzerkl\u00e4rung"}]}]}},"_links":{"self":[{"href":"https:\/\/willybrandtcenter.org\/en\/de\/wp-json\/wp\/v2\/pages\/431\/"}],"collection":[{"href":"https:\/\/willybrandtcenter.org\/en\/de\/wp-json\/wp\/v2\/pages\/"}],"about":[{"href":"https:\/\/willybrandtcenter.org\/en\/de\/wp-json\/wp\/v2\/types\/page\/"}],"author":[{"embeddable":true,"href":"https:\/\/willybrandtcenter.org\/en\/de\/wp-json\/wp\/v2\/users\/1\/"}],"replies":[{"embeddable":true,"href":"https:\/\/willybrandtcenter.org\/en\/de\/wp-json\/wp\/v2\/comments\/?post=431"}],"version-history":[{"count":6,"href":"https:\/\/willybrandtcenter.org\/en\/de\/wp-json\/wp\/v2\/pages\/431\/revisions\/"}],"predecessor-version":[{"id":1797,"href":"https:\/\/willybrandtcenter.org\/en\/de\/wp-json\/wp\/v2\/pages\/431\/revisions\/1797\/"}],"wp:attachment":[{"href":"https:\/\/willybrandtcenter.org\/en\/de\/wp-json\/wp\/v2\/media\/?parent=431"}],"curies":[{"name":"wp","href":"https:\/\/api.w.org\/{rel}","templated":true}]}}